{"id":43115,"date":"2022-06-17T14:12:03","date_gmt":"2022-06-17T12:12:03","guid":{"rendered":"http:\/\/dafinoo.eu\/mirmar\/?post_type=product&#038;p=43115"},"modified":"2022-06-17T14:12:03","modified_gmt":"2022-06-17T12:12:03","slug":"makita-ga005gd201","status":"publish","type":"product","link":"http:\/\/dafinoo.eu\/mirmar\/obchod\/makita-ga005gd201\/","title":{"rendered":"Makita GA005GD201"},"content":{"rendered":"<ul>\n<li>\u013dahk\u00e1, ale v\u00fdkonn\u00e1uhlov\u00e1 br\u00faska 125 mm.<\/li>\n<li><i class=\"icon-check text-success\"><\/i>Vzh\u013eadom na vy\u0161\u0161ie pracovn\u00e9 nap\u00e4tie technol\u00f3gie XGT je stroj vysoko odoln\u00fd vo\u010di nepretr\u017eitej pr\u00e1ci pri vysok\u00fdch za\u0165a\u017eeniach.<\/li>\n<li><i class=\"icon-check text-success\"><\/i>V\u010faka vysokej \u00fa\u010dinnosti bezuhl\u00edkov\u00e9ho motora s elektronick\u00fdm ovl\u00e1dan\u00edm poskytuje tento stroj takmer rovnak\u00fd v\u00fdkon ako elektrick\u00e9 zariadenia.<\/li>\n<li><i class=\"icon-check text-success\"><\/i>ADT (AutomaticDriveDriveTechnology) men\u00ed r\u00fdchlos\u0165 a kr\u00fatiaci moment stroja pod\u013ea za\u0165a\u017eenia.<\/li>\n<li><i class=\"icon-check text-success\"><\/i>Funkcia AFT s akcelerometrom: pr\u00edstroj sa okam\u017eite vypne s n\u00e1hlym v\u00fdkyvom.<\/li>\n<li><i class=\"icon-check text-success\"><\/i>M\u00e4kk\u00fd \u0161tart: zvy\u0161uje pohodlie a bezpe\u010dnos\u0165 v\u010faka jemn\u00e9mu \u0161tartu bez otrasov.<\/li>\n<li><i class=\"icon-check text-success\"><\/i>V\u00e4\u010d\u0161ia kontrola pomocou brzdy elektromotora, ktor\u00e1 ihne\u010f po uvo\u013enen\u00ed sp\u00edna\u010da zastav\u00ed stroj.<\/li>\n<li><i class=\"icon-check text-success\"><\/i>\u0160t\u00edhle puzdro z m\u00e4kkej rukov\u00e4te pre pohodln\u00e9 uchopenie jednou rukou.<\/li>\n<li><i class=\"icon-check text-success\"><\/i>XPT (technol\u00f3gia eXtremeProtection): r\u00f4zne kon\u0161truk\u010dn\u00e9 detaily zaru\u010duj\u00fa najlep\u0161iu odolnos\u0165 proti prachu a vode na trhu.<\/li>\n<li><i class=\"icon-check text-success\"><\/i>V\u010faka zadn\u00fdm pr\u00edvodom chladiaceho vzduchu je stroj v\u017edy optim\u00e1lne chladen\u00fd aj pri naj\u0165a\u017e\u0161\u00edch pr\u00e1cach.<\/li>\n<li><i class=\"icon-check text-success\"><\/i>Elektronick\u00e1 ochrana proti pre\u0165a\u017eeniu a ochrana pred hlbok\u00fdm vybit\u00edm zabudovan\u00e1 do stroja s vizu\u00e1lnym v\u00fdstra\u017en\u00fdm sign\u00e1lom;\u00a0Taktie\u017e sa zabr\u00e1ni neo\u010dak\u00e1van\u00e9mu spusteniu pri v\u00fdmene bat\u00e9rie.<\/li>\n<li><i class=\"icon-check text-success\"><\/i>V\u00fdstra\u017en\u00e9 svetl\u00e1 LED indikuj\u00fa kapacitu bat\u00e9rie, ale tie\u017e informuj\u00fa, \u010di je aktivovan\u00fd obmedzova\u010d pr\u00fadu.<\/li>\n<li><i class=\"icon-check text-success\"><\/i>Dod\u00e1va sa v MAKPAC, robustnom stohovate\u013enom kufr\u00edku v ABS s uzamykac\u00edm syst\u00e9mom na pripojenie viacer\u00fdch puzdier.<\/li>\n<li><i class=\"icon-check text-success\"><\/i>Dod\u00e1va sa 2x akumul\u00e1tor BL4025 (2,5Ah) a r\u00fdchlonab\u00edja\u010dka<\/li>\n<\/ul>\n","protected":false},"excerpt":{"rendered":"<p>\u013dahk\u00e1, ale v\u00fdkonn\u00e1uhlov\u00e1 br\u00faska 125 mm. Vzh\u013eadom na vy\u0161\u0161ie pracovn\u00e9 nap\u00e4tie technol\u00f3gie XGT je stroj vysoko odoln\u00fd vo\u010di nepretr\u017eitej pr\u00e1ci pri vysok\u00fdch za\u0165a\u017eeniach. V\u010faka vysokej \u00fa\u010dinnosti bezuhl\u00edkov\u00e9ho motora s elektronick\u00fdm ovl\u00e1dan\u00edm poskytuje tento stroj takmer rovnak\u00fd v\u00fdkon ako elektrick\u00e9 zariadenia. ADT (AutomaticDriveDriveTechnology) men\u00ed r\u00fdchlos\u0165 a kr\u00fatiaci moment stroja pod\u013ea za\u0165a\u017eenia. Funkcia AFT s akcelerometrom: pr\u00edstroj [&hellip;]<\/p>\n","protected":false},"featured_media":43116,"comment_status":"open","ping_status":"closed","template":"","meta":{"_lmt_disableupdate":"","_lmt_disable":""},"product_cat":[3551,3527,3051],"product_tag":[],"class_list":{"0":"post-43115","1":"product","2":"type-product","3":"status-publish","4":"has-post-thumbnail","6":"product_cat-brusky","7":"product_cat-xgt","8":"product_cat-makita","9":"ts_product_brand-makita","11":"first","12":"instock","13":"taxable","14":"shipping-taxable","15":"purchasable","16":"product-type-simple"},"yoast_head":"<!-- This site is optimized with the Yoast SEO plugin v27.3 - https:\/\/yoast.com\/product\/yoast-seo-wordpress\/ -->\n<title>Makita GA005GD201 - MIR-MAR<\/title>\n<meta name=\"robots\" content=\"index, follow, max-snippet:-1, max-image-preview:large, max-video-preview:-1\" \/>\n<link rel=\"canonical\" href=\"http:\/\/dafinoo.eu\/mirmar\/obchod\/makita-ga005gd201\/\" \/>\n<meta property=\"og:locale\" content=\"sk_SK\" \/>\n<meta property=\"og:type\" content=\"article\" \/>\n<meta property=\"og:title\" content=\"Makita GA005GD201 - MIR-MAR\" \/>\n<meta property=\"og:description\" content=\"\u013dahk\u00e1, ale v\u00fdkonn\u00e1uhlov\u00e1 br\u00faska 125 mm. Vzh\u013eadom na vy\u0161\u0161ie pracovn\u00e9 nap\u00e4tie technol\u00f3gie XGT je stroj vysoko odoln\u00fd vo\u010di nepretr\u017eitej pr\u00e1ci pri vysok\u00fdch za\u0165a\u017eeniach. V\u010faka vysokej \u00fa\u010dinnosti bezuhl\u00edkov\u00e9ho motora s elektronick\u00fdm ovl\u00e1dan\u00edm poskytuje tento stroj takmer rovnak\u00fd v\u00fdkon ako elektrick\u00e9 zariadenia. ADT (AutomaticDriveDriveTechnology) men\u00ed r\u00fdchlos\u0165 a kr\u00fatiaci moment stroja pod\u013ea za\u0165a\u017eenia. Funkcia AFT s akcelerometrom: pr\u00edstroj [&hellip;]\" \/>\n<meta property=\"og:url\" content=\"http:\/\/dafinoo.eu\/mirmar\/obchod\/makita-ga005gd201\/\" \/>\n<meta property=\"og:site_name\" content=\"MIR-MAR\" \/>\n<meta property=\"article:publisher\" content=\"https:\/\/facebook.com\/mirmareshop\" \/>\n<meta property=\"og:image\" content=\"http:\/\/dafinoo.eu\/mirmar\/wp-content\/uploads\/2022\/06\/GA005GZ01.jpg\" \/>\n\t<meta property=\"og:image:width\" content=\"945\" \/>\n\t<meta property=\"og:image:height\" content=\"945\" \/>\n\t<meta property=\"og:image:type\" content=\"image\/jpeg\" \/>\n<meta name=\"twitter:label1\" content=\"Predpokladan\u00fd \u010das \u010d\u00edtania\" \/>\n\t<meta name=\"twitter:data1\" content=\"1 min\u00fata\" \/>\n<script type=\"application\/ld+json\" class=\"yoast-schema-graph\">{\"@context\":\"https:\\\/\\\/schema.org\",\"@graph\":[{\"@type\":\"WebPage\",\"@id\":\"http:\\\/\\\/dafinoo.eu\\\/mirmar\\\/obchod\\\/makita-ga005gd201\\\/\",\"url\":\"http:\\\/\\\/dafinoo.eu\\\/mirmar\\\/obchod\\\/makita-ga005gd201\\\/\",\"name\":\"Makita GA005GD201 - MIR-MAR\",\"isPartOf\":{\"@id\":\"http:\\\/\\\/dafinoo.eu\\\/mirmar\\\/#website\"},\"primaryImageOfPage\":{\"@id\":\"http:\\\/\\\/dafinoo.eu\\\/mirmar\\\/obchod\\\/makita-ga005gd201\\\/#primaryimage\"},\"image\":{\"@id\":\"http:\\\/\\\/dafinoo.eu\\\/mirmar\\\/obchod\\\/makita-ga005gd201\\\/#primaryimage\"},\"thumbnailUrl\":\"http:\\\/\\\/dafinoo.eu\\\/mirmar\\\/wp-content\\\/uploads\\\/2022\\\/06\\\/GA005GZ01.jpg\",\"datePublished\":\"2022-06-17T12:12:03+00:00\",\"breadcrumb\":{\"@id\":\"http:\\\/\\\/dafinoo.eu\\\/mirmar\\\/obchod\\\/makita-ga005gd201\\\/#breadcrumb\"},\"inLanguage\":\"sk-SK\",\"potentialAction\":[{\"@type\":\"ReadAction\",\"target\":[\"http:\\\/\\\/dafinoo.eu\\\/mirmar\\\/obchod\\\/makita-ga005gd201\\\/\"]}]},{\"@type\":\"ImageObject\",\"inLanguage\":\"sk-SK\",\"@id\":\"http:\\\/\\\/dafinoo.eu\\\/mirmar\\\/obchod\\\/makita-ga005gd201\\\/#primaryimage\",\"url\":\"http:\\\/\\\/dafinoo.eu\\\/mirmar\\\/wp-content\\\/uploads\\\/2022\\\/06\\\/GA005GZ01.jpg\",\"contentUrl\":\"http:\\\/\\\/dafinoo.eu\\\/mirmar\\\/wp-content\\\/uploads\\\/2022\\\/06\\\/GA005GZ01.jpg\",\"width\":945,\"height\":945},{\"@type\":\"BreadcrumbList\",\"@id\":\"http:\\\/\\\/dafinoo.eu\\\/mirmar\\\/obchod\\\/makita-ga005gd201\\\/#breadcrumb\",\"itemListElement\":[{\"@type\":\"ListItem\",\"position\":1,\"name\":\"Domovsk\u00e1 str\u00e1nka\",\"item\":\"http:\\\/\\\/dafinoo.eu\\\/mirmar\\\/\"},{\"@type\":\"ListItem\",\"position\":2,\"name\":\"Obchod\",\"item\":\"http:\\\/\\\/dafinoo.eu\\\/mirmar\\\/obchod\\\/\"},{\"@type\":\"ListItem\",\"position\":3,\"name\":\"Makita GA005GD201\"}]},{\"@type\":\"WebSite\",\"@id\":\"http:\\\/\\\/dafinoo.eu\\\/mirmar\\\/#website\",\"url\":\"http:\\\/\\\/dafinoo.eu\\\/mirmar\\\/\",\"name\":\"MIR-MAR\",\"description\":\"Eshop s n\u00e1rad\u00edm\",\"publisher\":{\"@id\":\"http:\\\/\\\/dafinoo.eu\\\/mirmar\\\/#organization\"},\"potentialAction\":[{\"@type\":\"SearchAction\",\"target\":{\"@type\":\"EntryPoint\",\"urlTemplate\":\"http:\\\/\\\/dafinoo.eu\\\/mirmar\\\/?s={search_term_string}\"},\"query-input\":{\"@type\":\"PropertyValueSpecification\",\"valueRequired\":true,\"valueName\":\"search_term_string\"}}],\"inLanguage\":\"sk-SK\"},{\"@type\":\"Organization\",\"@id\":\"http:\\\/\\\/dafinoo.eu\\\/mirmar\\\/#organization\",\"name\":\"MIR-MAR\",\"url\":\"http:\\\/\\\/dafinoo.eu\\\/mirmar\\\/\",\"logo\":{\"@type\":\"ImageObject\",\"inLanguage\":\"sk-SK\",\"@id\":\"http:\\\/\\\/dafinoo.eu\\\/mirmar\\\/#\\\/schema\\\/logo\\\/image\\\/\",\"url\":\"http:\\\/\\\/dafinoo.eu\\\/mirmar\\\/wp-content\\\/uploads\\\/2021\\\/03\\\/mirmar_logo.png\",\"contentUrl\":\"http:\\\/\\\/dafinoo.eu\\\/mirmar\\\/wp-content\\\/uploads\\\/2021\\\/03\\\/mirmar_logo.png\",\"width\":256,\"height\":60,\"caption\":\"MIR-MAR\"},\"image\":{\"@id\":\"http:\\\/\\\/dafinoo.eu\\\/mirmar\\\/#\\\/schema\\\/logo\\\/image\\\/\"},\"sameAs\":[\"https:\\\/\\\/facebook.com\\\/mirmareshop\"]}]}<\/script>\n<!-- \/ Yoast SEO plugin. -->","yoast_head_json":{"title":"Makita GA005GD201 - MIR-MAR","robots":{"index":"index","follow":"follow","max-snippet":"max-snippet:-1","max-image-preview":"max-image-preview:large","max-video-preview":"max-video-preview:-1"},"canonical":"http:\/\/dafinoo.eu\/mirmar\/obchod\/makita-ga005gd201\/","og_locale":"sk_SK","og_type":"article","og_title":"Makita GA005GD201 - MIR-MAR","og_description":"\u013dahk\u00e1, ale v\u00fdkonn\u00e1uhlov\u00e1 br\u00faska 125 mm. Vzh\u013eadom na vy\u0161\u0161ie pracovn\u00e9 nap\u00e4tie technol\u00f3gie XGT je stroj vysoko odoln\u00fd vo\u010di nepretr\u017eitej pr\u00e1ci pri vysok\u00fdch za\u0165a\u017eeniach. V\u010faka vysokej \u00fa\u010dinnosti bezuhl\u00edkov\u00e9ho motora s elektronick\u00fdm ovl\u00e1dan\u00edm poskytuje tento stroj takmer rovnak\u00fd v\u00fdkon ako elektrick\u00e9 zariadenia. ADT (AutomaticDriveDriveTechnology) men\u00ed r\u00fdchlos\u0165 a kr\u00fatiaci moment stroja pod\u013ea za\u0165a\u017eenia. Funkcia AFT s akcelerometrom: pr\u00edstroj [&hellip;]","og_url":"http:\/\/dafinoo.eu\/mirmar\/obchod\/makita-ga005gd201\/","og_site_name":"MIR-MAR","article_publisher":"https:\/\/facebook.com\/mirmareshop","og_image":[{"width":945,"height":945,"url":"http:\/\/dafinoo.eu\/mirmar\/wp-content\/uploads\/2022\/06\/GA005GZ01.jpg","type":"image\/jpeg"}],"twitter_misc":{"Predpokladan\u00fd \u010das \u010d\u00edtania":"1 min\u00fata"},"schema":{"@context":"https:\/\/schema.org","@graph":[{"@type":"WebPage","@id":"http:\/\/dafinoo.eu\/mirmar\/obchod\/makita-ga005gd201\/","url":"http:\/\/dafinoo.eu\/mirmar\/obchod\/makita-ga005gd201\/","name":"Makita GA005GD201 - MIR-MAR","isPartOf":{"@id":"http:\/\/dafinoo.eu\/mirmar\/#website"},"primaryImageOfPage":{"@id":"http:\/\/dafinoo.eu\/mirmar\/obchod\/makita-ga005gd201\/#primaryimage"},"image":{"@id":"http:\/\/dafinoo.eu\/mirmar\/obchod\/makita-ga005gd201\/#primaryimage"},"thumbnailUrl":"http:\/\/dafinoo.eu\/mirmar\/wp-content\/uploads\/2022\/06\/GA005GZ01.jpg","datePublished":"2022-06-17T12:12:03+00:00","breadcrumb":{"@id":"http:\/\/dafinoo.eu\/mirmar\/obchod\/makita-ga005gd201\/#breadcrumb"},"inLanguage":"sk-SK","potentialAction":[{"@type":"ReadAction","target":["http:\/\/dafinoo.eu\/mirmar\/obchod\/makita-ga005gd201\/"]}]},{"@type":"ImageObject","inLanguage":"sk-SK","@id":"http:\/\/dafinoo.eu\/mirmar\/obchod\/makita-ga005gd201\/#primaryimage","url":"http:\/\/dafinoo.eu\/mirmar\/wp-content\/uploads\/2022\/06\/GA005GZ01.jpg","contentUrl":"http:\/\/dafinoo.eu\/mirmar\/wp-content\/uploads\/2022\/06\/GA005GZ01.jpg","width":945,"height":945},{"@type":"BreadcrumbList","@id":"http:\/\/dafinoo.eu\/mirmar\/obchod\/makita-ga005gd201\/#breadcrumb","itemListElement":[{"@type":"ListItem","position":1,"name":"Domovsk\u00e1 str\u00e1nka","item":"http:\/\/dafinoo.eu\/mirmar\/"},{"@type":"ListItem","position":2,"name":"Obchod","item":"http:\/\/dafinoo.eu\/mirmar\/obchod\/"},{"@type":"ListItem","position":3,"name":"Makita GA005GD201"}]},{"@type":"WebSite","@id":"http:\/\/dafinoo.eu\/mirmar\/#website","url":"http:\/\/dafinoo.eu\/mirmar\/","name":"MIR-MAR","description":"Eshop s n\u00e1rad\u00edm","publisher":{"@id":"http:\/\/dafinoo.eu\/mirmar\/#organization"},"potentialAction":[{"@type":"SearchAction","target":{"@type":"EntryPoint","urlTemplate":"http:\/\/dafinoo.eu\/mirmar\/?s={search_term_string}"},"query-input":{"@type":"PropertyValueSpecification","valueRequired":true,"valueName":"search_term_string"}}],"inLanguage":"sk-SK"},{"@type":"Organization","@id":"http:\/\/dafinoo.eu\/mirmar\/#organization","name":"MIR-MAR","url":"http:\/\/dafinoo.eu\/mirmar\/","logo":{"@type":"ImageObject","inLanguage":"sk-SK","@id":"http:\/\/dafinoo.eu\/mirmar\/#\/schema\/logo\/image\/","url":"http:\/\/dafinoo.eu\/mirmar\/wp-content\/uploads\/2021\/03\/mirmar_logo.png","contentUrl":"http:\/\/dafinoo.eu\/mirmar\/wp-content\/uploads\/2021\/03\/mirmar_logo.png","width":256,"height":60,"caption":"MIR-MAR"},"image":{"@id":"http:\/\/dafinoo.eu\/mirmar\/#\/schema\/logo\/image\/"},"sameAs":["https:\/\/facebook.com\/mirmareshop"]}]}},"_links":{"self":[{"href":"http:\/\/dafinoo.eu\/mirmar\/wp-json\/wp\/v2\/product\/43115","targetHints":{"allow":["GET"]}}],"collection":[{"href":"http:\/\/dafinoo.eu\/mirmar\/wp-json\/wp\/v2\/product"}],"about":[{"href":"http:\/\/dafinoo.eu\/mirmar\/wp-json\/wp\/v2\/types\/product"}],"replies":[{"embeddable":true,"href":"http:\/\/dafinoo.eu\/mirmar\/wp-json\/wp\/v2\/comments?post=43115"}],"wp:featuredmedia":[{"embeddable":true,"href":"http:\/\/dafinoo.eu\/mirmar\/wp-json\/wp\/v2\/media\/43116"}],"wp:attachment":[{"href":"http:\/\/dafinoo.eu\/mirmar\/wp-json\/wp\/v2\/media?parent=43115"}],"wp:term":[{"taxonomy":"product_cat","embeddable":true,"href":"http:\/\/dafinoo.eu\/mirmar\/wp-json\/wp\/v2\/product_cat?post=43115"},{"taxonomy":"product_tag","embeddable":true,"href":"http:\/\/dafinoo.eu\/mirmar\/wp-json\/wp\/v2\/product_tag?post=43115"}],"curies":[{"name":"wp","href":"https:\/\/api.w.org\/{rel}","templated":true}]}}